{"id":18336,"date":"2021-08-19T13:58:40","date_gmt":"2021-08-19T12:58:40","guid":{"rendered":"https:\/\/cookeoptics.com\/?page_id=18336"},"modified":"2023-09-25T11:25:31","modified_gmt":"2023-09-25T10:25:31","slug":"kontakt","status":"publish","type":"page","link":"https:\/\/cookeoptics.com\/de\/kontakt\/","title":{"rendered":"Kontakt"},"content":{"rendered":"","protected":false},"excerpt":{"rendered":"","protected":false},"author":15,"featured_media":0,"parent":0,"menu_order":0,"comment_status":"closed","ping_status":"closed","template":"page-templates\/template-contact-us.php","meta":{"_acf_changed":false,"footnotes":""},"class_list":["post-18336","page","type-page","status-publish","hentry"],"acf":[],"yoast_head":"<!-- This site is optimized with the Yoast SEO Premium plugin v27.4 (Yoast SEO v27.4) - https:\/\/yoast.com\/product\/yoast-seo-premium-wordpress\/ -->\n<title>Cooke Kontakt<\/title>\n<meta name=\"description\" content=\"Wenn Sie mehr \u00fcber Cooke und unsere Produkte erfahren m\u00f6chten, nehmen Sie noch heute Kontakt auf. Hier finden Sie unsere Standorte und wie Sie uns kontaktieren k\u00f6nnen.\" \/>\n<meta name=\"robots\" content=\"noindex, follow\" \/>\n<meta property=\"og:locale\" content=\"de_DE\" \/>\n<meta property=\"og:type\" content=\"article\" \/>\n<meta property=\"og:title\" content=\"Kontakt\" \/>\n<meta property=\"og:description\" content=\"Wenn Sie mehr \u00fcber Cooke und unsere Produkte erfahren m\u00f6chten, nehmen Sie noch heute Kontakt auf. Hier finden Sie unsere Standorte und wie Sie uns kontaktieren k\u00f6nnen.\" \/>\n<meta property=\"og:url\" content=\"https:\/\/cookeoptics.com\/de\/kontakt\/\" \/>\n<meta property=\"og:site_name\" content=\"Cooke Optics\" \/>\n<meta property=\"article:publisher\" content=\"https:\/\/www.facebook.com\/cookeoptics\/\" \/>\n<meta property=\"article:modified_time\" content=\"2023-09-25T10:25:31+00:00\" \/>\n<meta property=\"og:image\" content=\"https:\/\/cookeoptics.com\/wp-content\/uploads\/2022\/05\/social-card.jpg\" \/>\n\t<meta property=\"og:image:width\" content=\"1200\" \/>\n\t<meta property=\"og:image:height\" content=\"650\" \/>\n\t<meta property=\"og:image:type\" content=\"image\/jpeg\" \/>\n<meta name=\"twitter:card\" content=\"summary_large_image\" \/>\n<meta name=\"twitter:site\" content=\"@cookeoptics\" \/>\n<script type=\"application\/ld+json\" class=\"yoast-schema-graph\">{\"@context\":\"https:\\\/\\\/schema.org\",\"@graph\":[{\"@type\":\"WebPage\",\"@id\":\"https:\\\/\\\/cookeoptics.com\\\/de\\\/kontakt\\\/\",\"url\":\"https:\\\/\\\/cookeoptics.com\\\/de\\\/kontakt\\\/\",\"name\":\"Cooke Kontakt\",\"isPartOf\":{\"@id\":\"https:\\\/\\\/cookeoptics.com\\\/de\\\/#website\"},\"datePublished\":\"2021-08-19T12:58:40+00:00\",\"dateModified\":\"2023-09-25T10:25:31+00:00\",\"description\":\"Wenn Sie mehr \u00fcber Cooke und unsere Produkte erfahren m\u00f6chten, nehmen Sie noch heute Kontakt auf. Hier finden Sie unsere Standorte und wie Sie uns kontaktieren k\u00f6nnen.\",\"breadcrumb\":{\"@id\":\"https:\\\/\\\/cookeoptics.com\\\/de\\\/kontakt\\\/#breadcrumb\"},\"inLanguage\":\"de\",\"potentialAction\":[{\"@type\":\"ReadAction\",\"target\":[\"https:\\\/\\\/cookeoptics.com\\\/de\\\/kontakt\\\/\"]}]},{\"@type\":\"BreadcrumbList\",\"@id\":\"https:\\\/\\\/cookeoptics.com\\\/de\\\/kontakt\\\/#breadcrumb\",\"itemListElement\":[{\"@type\":\"ListItem\",\"position\":1,\"name\":\"Home\",\"item\":\"https:\\\/\\\/cookeoptics.com\\\/de\\\/\"},{\"@type\":\"ListItem\",\"position\":2,\"name\":\"Kontakt\"}]},{\"@type\":\"WebSite\",\"@id\":\"https:\\\/\\\/cookeoptics.com\\\/de\\\/#website\",\"url\":\"https:\\\/\\\/cookeoptics.com\\\/de\\\/\",\"name\":\"Cooke Optics\",\"description\":\"Creating beautiful images for the motion picture industry since 1894\",\"publisher\":{\"@id\":\"https:\\\/\\\/cookeoptics.com\\\/de\\\/#organization\"},\"potentialAction\":[{\"@type\":\"SearchAction\",\"target\":{\"@type\":\"EntryPoint\",\"urlTemplate\":\"https:\\\/\\\/cookeoptics.com\\\/de\\\/?s={search_term_string}\"},\"query-input\":{\"@type\":\"PropertyValueSpecification\",\"valueRequired\":true,\"valueName\":\"search_term_string\"}}],\"inLanguage\":\"de\"},{\"@type\":\"Organization\",\"@id\":\"https:\\\/\\\/cookeoptics.com\\\/de\\\/#organization\",\"name\":\"Cooke Optics\",\"url\":\"https:\\\/\\\/cookeoptics.com\\\/de\\\/\",\"logo\":{\"@type\":\"ImageObject\",\"inLanguage\":\"de\",\"@id\":\"https:\\\/\\\/cookeoptics.com\\\/de\\\/#\\\/schema\\\/logo\\\/image\\\/\",\"url\":\"https:\\\/\\\/cookeoptics.com\\\/wp-content\\\/uploads\\\/2021\\\/05\\\/placeholder-logo-type.png\",\"contentUrl\":\"https:\\\/\\\/cookeoptics.com\\\/wp-content\\\/uploads\\\/2021\\\/05\\\/placeholder-logo-type.png\",\"width\":755,\"height\":755,\"caption\":\"Cooke Optics\"},\"image\":{\"@id\":\"https:\\\/\\\/cookeoptics.com\\\/de\\\/#\\\/schema\\\/logo\\\/image\\\/\"},\"sameAs\":[\"https:\\\/\\\/www.facebook.com\\\/cookeoptics\\\/\",\"https:\\\/\\\/x.com\\\/cookeoptics\",\"https:\\\/\\\/www.instagram.com\\\/cookeoptics\\\/\",\"https:\\\/\\\/www.linkedin.com\\\/company\\\/2831810\",\"https:\\\/\\\/www.youtube.com\\\/channel\\\/UC-Ya9gBlwOhRwtloTn1hvbA\"]}]}<\/script>\n<!-- \/ Yoast SEO Premium plugin. -->","yoast_head_json":{"title":"Cooke Kontakt","description":"Wenn Sie mehr \u00fcber Cooke und unsere Produkte erfahren m\u00f6chten, nehmen Sie noch heute Kontakt auf. Hier finden Sie unsere Standorte und wie Sie uns kontaktieren k\u00f6nnen.","robots":{"index":"noindex","follow":"follow"},"og_locale":"de_DE","og_type":"article","og_title":"Kontakt","og_description":"Wenn Sie mehr \u00fcber Cooke und unsere Produkte erfahren m\u00f6chten, nehmen Sie noch heute Kontakt auf. Hier finden Sie unsere Standorte und wie Sie uns kontaktieren k\u00f6nnen.","og_url":"https:\/\/cookeoptics.com\/de\/kontakt\/","og_site_name":"Cooke Optics","article_publisher":"https:\/\/www.facebook.com\/cookeoptics\/","article_modified_time":"2023-09-25T10:25:31+00:00","og_image":[{"width":1200,"height":650,"url":"https:\/\/cookeoptics.com\/wp-content\/uploads\/2022\/05\/social-card.jpg","type":"image\/jpeg"}],"twitter_card":"summary_large_image","twitter_site":"@cookeoptics","schema":{"@context":"https:\/\/schema.org","@graph":[{"@type":"WebPage","@id":"https:\/\/cookeoptics.com\/de\/kontakt\/","url":"https:\/\/cookeoptics.com\/de\/kontakt\/","name":"Cooke Kontakt","isPartOf":{"@id":"https:\/\/cookeoptics.com\/de\/#website"},"datePublished":"2021-08-19T12:58:40+00:00","dateModified":"2023-09-25T10:25:31+00:00","description":"Wenn Sie mehr \u00fcber Cooke und unsere Produkte erfahren m\u00f6chten, nehmen Sie noch heute Kontakt auf. Hier finden Sie unsere Standorte und wie Sie uns kontaktieren k\u00f6nnen.","breadcrumb":{"@id":"https:\/\/cookeoptics.com\/de\/kontakt\/#breadcrumb"},"inLanguage":"de","potentialAction":[{"@type":"ReadAction","target":["https:\/\/cookeoptics.com\/de\/kontakt\/"]}]},{"@type":"BreadcrumbList","@id":"https:\/\/cookeoptics.com\/de\/kontakt\/#breadcrumb","itemListElement":[{"@type":"ListItem","position":1,"name":"Home","item":"https:\/\/cookeoptics.com\/de\/"},{"@type":"ListItem","position":2,"name":"Kontakt"}]},{"@type":"WebSite","@id":"https:\/\/cookeoptics.com\/de\/#website","url":"https:\/\/cookeoptics.com\/de\/","name":"Cooke Optics","description":"Creating beautiful images for the motion picture industry since 1894","publisher":{"@id":"https:\/\/cookeoptics.com\/de\/#organization"},"potentialAction":[{"@type":"SearchAction","target":{"@type":"EntryPoint","urlTemplate":"https:\/\/cookeoptics.com\/de\/?s={search_term_string}"},"query-input":{"@type":"PropertyValueSpecification","valueRequired":true,"valueName":"search_term_string"}}],"inLanguage":"de"},{"@type":"Organization","@id":"https:\/\/cookeoptics.com\/de\/#organization","name":"Cooke Optics","url":"https:\/\/cookeoptics.com\/de\/","logo":{"@type":"ImageObject","inLanguage":"de","@id":"https:\/\/cookeoptics.com\/de\/#\/schema\/logo\/image\/","url":"https:\/\/cookeoptics.com\/wp-content\/uploads\/2021\/05\/placeholder-logo-type.png","contentUrl":"https:\/\/cookeoptics.com\/wp-content\/uploads\/2021\/05\/placeholder-logo-type.png","width":755,"height":755,"caption":"Cooke Optics"},"image":{"@id":"https:\/\/cookeoptics.com\/de\/#\/schema\/logo\/image\/"},"sameAs":["https:\/\/www.facebook.com\/cookeoptics\/","https:\/\/x.com\/cookeoptics","https:\/\/www.instagram.com\/cookeoptics\/","https:\/\/www.linkedin.com\/company\/2831810","https:\/\/www.youtube.com\/channel\/UC-Ya9gBlwOhRwtloTn1hvbA"]}]}},"_links":{"self":[{"href":"https:\/\/cookeoptics.com\/de\/wp-json\/wp\/v2\/pages\/18336","targetHints":{"allow":["GET"]}}],"collection":[{"href":"https:\/\/cookeoptics.com\/de\/wp-json\/wp\/v2\/pages"}],"about":[{"href":"https:\/\/cookeoptics.com\/de\/wp-json\/wp\/v2\/types\/page"}],"author":[{"embeddable":true,"href":"https:\/\/cookeoptics.com\/de\/wp-json\/wp\/v2\/users\/15"}],"replies":[{"embeddable":true,"href":"https:\/\/cookeoptics.com\/de\/wp-json\/wp\/v2\/comments?post=18336"}],"version-history":[{"count":4,"href":"https:\/\/cookeoptics.com\/de\/wp-json\/wp\/v2\/pages\/18336\/revisions"}],"predecessor-version":[{"id":19566,"href":"https:\/\/cookeoptics.com\/de\/wp-json\/wp\/v2\/pages\/18336\/revisions\/19566"}],"wp:attachment":[{"href":"https:\/\/cookeoptics.com\/de\/wp-json\/wp\/v2\/media?parent=18336"}],"curies":[{"name":"wp","href":"https:\/\/api.w.org\/{rel}","templated":true}]}}