{"id":18298,"date":"2021-04-29T11:26:41","date_gmt":"2021-04-29T10:26:41","guid":{"rendered":"https:\/\/cookeoptics.com\/?page_id=18298"},"modified":"2025-10-01T17:04:27","modified_gmt":"2025-10-01T16:04:27","slug":"objetivos","status":"publish","type":"page","link":"https:\/\/cookeoptics.com\/es\/objetivos\/","title":{"rendered":"Objetivos"},"content":{"rendered":"","protected":false},"excerpt":{"rendered":"","protected":false},"author":15,"featured_media":13931,"parent":0,"menu_order":0,"comment_status":"closed","ping_status":"closed","template":"page-templates\/template-our-lenses-new.php","meta":{"_acf_changed":false,"footnotes":""},"class_list":["post-18298","page","type-page","status-publish","has-post-thumbnail","hentry"],"acf":[],"yoast_head":"<!-- This site is optimized with the Yoast SEO Premium plugin v27.3 (Yoast SEO v27.3) - https:\/\/yoast.com\/product\/yoast-seo-premium-wordpress\/ -->\n<title>objectivos Cooke<\/title>\n<meta name=\"description\" content=\"Obtenga m\u00e1s informaci\u00f3n sobre nuestra gama de objetivos, el exclusivo Cooke Look y descubra por qu\u00e9 los cineastas han elegido los objetivos Cooke durante m\u00e1s de 100 a\u00f1os.\" \/>\n<meta name=\"robots\" content=\"index, follow, max-snippet:-1, max-image-preview:large, max-video-preview:-1\" \/>\n<link rel=\"canonical\" href=\"https:\/\/cookeoptics.com\/es\/objetivos\/\" \/>\n<meta property=\"og:locale\" content=\"es_ES\" \/>\n<meta property=\"og:type\" content=\"article\" \/>\n<meta property=\"og:title\" content=\"Objetivos\" \/>\n<meta property=\"og:description\" content=\"Obtenga m\u00e1s informaci\u00f3n sobre nuestra gama de objetivos, el exclusivo Cooke Look y descubra por qu\u00e9 los cineastas han elegido los objetivos Cooke durante m\u00e1s de 100 a\u00f1os.\" \/>\n<meta property=\"og:url\" content=\"https:\/\/cookeoptics.com\/es\/objetivos\/\" \/>\n<meta property=\"og:site_name\" content=\"Cooke Optics\" \/>\n<meta property=\"article:publisher\" content=\"https:\/\/www.facebook.com\/cookeoptics\/\" \/>\n<meta property=\"article:modified_time\" content=\"2025-10-01T16:04:27+00:00\" \/>\n<meta property=\"og:image\" content=\"https:\/\/cookeoptics.com\/wp-content\/uploads\/2022\/10\/11-COOKE-MACRO-DETAIL-1.jpg\" \/>\n\t<meta property=\"og:image:width\" content=\"1440\" \/>\n\t<meta property=\"og:image:height\" content=\"704\" \/>\n\t<meta property=\"og:image:type\" content=\"image\/jpeg\" \/>\n<meta name=\"twitter:card\" content=\"summary_large_image\" \/>\n<meta name=\"twitter:site\" content=\"@cookeoptics\" \/>\n<meta name=\"twitter:label1\" content=\"Tiempo de lectura\" \/>\n\t<meta name=\"twitter:data1\" content=\"2 minutos\" \/>\n<script type=\"application\/ld+json\" class=\"yoast-schema-graph\">{\"@context\":\"https:\\\/\\\/schema.org\",\"@graph\":[{\"@type\":\"WebPage\",\"@id\":\"https:\\\/\\\/cookeoptics.com\\\/es\\\/objetivos\\\/\",\"url\":\"https:\\\/\\\/cookeoptics.com\\\/es\\\/objetivos\\\/\",\"name\":\"objectivos Cooke\",\"isPartOf\":{\"@id\":\"https:\\\/\\\/cookeoptics.com\\\/es\\\/#website\"},\"primaryImageOfPage\":{\"@id\":\"https:\\\/\\\/cookeoptics.com\\\/es\\\/objetivos\\\/#primaryimage\"},\"image\":{\"@id\":\"https:\\\/\\\/cookeoptics.com\\\/es\\\/objetivos\\\/#primaryimage\"},\"thumbnailUrl\":\"https:\\\/\\\/cookeoptics.com\\\/wp-content\\\/uploads\\\/2022\\\/10\\\/11-COOKE-MACRO-DETAIL-1.jpg\",\"datePublished\":\"2021-04-29T10:26:41+00:00\",\"dateModified\":\"2025-10-01T16:04:27+00:00\",\"description\":\"Obtenga m\u00e1s informaci\u00f3n sobre nuestra gama de objetivos, el exclusivo Cooke Look y descubra por qu\u00e9 los cineastas han elegido los objetivos Cooke durante m\u00e1s de 100 a\u00f1os.\",\"breadcrumb\":{\"@id\":\"https:\\\/\\\/cookeoptics.com\\\/es\\\/objetivos\\\/#breadcrumb\"},\"inLanguage\":\"es\",\"potentialAction\":[{\"@type\":\"ReadAction\",\"target\":[\"https:\\\/\\\/cookeoptics.com\\\/es\\\/objetivos\\\/\"]}]},{\"@type\":\"ImageObject\",\"inLanguage\":\"es\",\"@id\":\"https:\\\/\\\/cookeoptics.com\\\/es\\\/objetivos\\\/#primaryimage\",\"url\":\"https:\\\/\\\/cookeoptics.com\\\/wp-content\\\/uploads\\\/2022\\\/10\\\/11-COOKE-MACRO-DETAIL-1.jpg\",\"contentUrl\":\"https:\\\/\\\/cookeoptics.com\\\/wp-content\\\/uploads\\\/2022\\\/10\\\/11-COOKE-MACRO-DETAIL-1.jpg\",\"width\":1440,\"height\":704,\"caption\":\"COOKE MACRO 1:1\"},{\"@type\":\"BreadcrumbList\",\"@id\":\"https:\\\/\\\/cookeoptics.com\\\/es\\\/objetivos\\\/#breadcrumb\",\"itemListElement\":[{\"@type\":\"ListItem\",\"position\":1,\"name\":\"Home\",\"item\":\"https:\\\/\\\/cookeoptics.com\\\/es\\\/\"},{\"@type\":\"ListItem\",\"position\":2,\"name\":\"Objetivos\"}]},{\"@type\":\"WebSite\",\"@id\":\"https:\\\/\\\/cookeoptics.com\\\/es\\\/#website\",\"url\":\"https:\\\/\\\/cookeoptics.com\\\/es\\\/\",\"name\":\"Cooke Optics\",\"description\":\"Creating beautiful images for the motion picture industry since 1894\",\"publisher\":{\"@id\":\"https:\\\/\\\/cookeoptics.com\\\/es\\\/#organization\"},\"potentialAction\":[{\"@type\":\"SearchAction\",\"target\":{\"@type\":\"EntryPoint\",\"urlTemplate\":\"https:\\\/\\\/cookeoptics.com\\\/es\\\/?s={search_term_string}\"},\"query-input\":{\"@type\":\"PropertyValueSpecification\",\"valueRequired\":true,\"valueName\":\"search_term_string\"}}],\"inLanguage\":\"es\"},{\"@type\":\"Organization\",\"@id\":\"https:\\\/\\\/cookeoptics.com\\\/es\\\/#organization\",\"name\":\"Cooke Optics\",\"url\":\"https:\\\/\\\/cookeoptics.com\\\/es\\\/\",\"logo\":{\"@type\":\"ImageObject\",\"inLanguage\":\"es\",\"@id\":\"https:\\\/\\\/cookeoptics.com\\\/es\\\/#\\\/schema\\\/logo\\\/image\\\/\",\"url\":\"https:\\\/\\\/cookeoptics.com\\\/wp-content\\\/uploads\\\/2021\\\/05\\\/placeholder-logo-type.png\",\"contentUrl\":\"https:\\\/\\\/cookeoptics.com\\\/wp-content\\\/uploads\\\/2021\\\/05\\\/placeholder-logo-type.png\",\"width\":755,\"height\":755,\"caption\":\"Cooke Optics\"},\"image\":{\"@id\":\"https:\\\/\\\/cookeoptics.com\\\/es\\\/#\\\/schema\\\/logo\\\/image\\\/\"},\"sameAs\":[\"https:\\\/\\\/www.facebook.com\\\/cookeoptics\\\/\",\"https:\\\/\\\/x.com\\\/cookeoptics\",\"https:\\\/\\\/www.instagram.com\\\/cookeoptics\\\/\",\"https:\\\/\\\/www.linkedin.com\\\/company\\\/2831810\",\"https:\\\/\\\/www.youtube.com\\\/channel\\\/UC-Ya9gBlwOhRwtloTn1hvbA\"]}]}<\/script>\n<!-- \/ Yoast SEO Premium plugin. -->","yoast_head_json":{"title":"objectivos Cooke","description":"Obtenga m\u00e1s informaci\u00f3n sobre nuestra gama de objetivos, el exclusivo Cooke Look y descubra por qu\u00e9 los cineastas han elegido los objetivos Cooke durante m\u00e1s de 100 a\u00f1os.","robots":{"index":"index","follow":"follow","max-snippet":"max-snippet:-1","max-image-preview":"max-image-preview:large","max-video-preview":"max-video-preview:-1"},"canonical":"https:\/\/cookeoptics.com\/es\/objetivos\/","og_locale":"es_ES","og_type":"article","og_title":"Objetivos","og_description":"Obtenga m\u00e1s informaci\u00f3n sobre nuestra gama de objetivos, el exclusivo Cooke Look y descubra por qu\u00e9 los cineastas han elegido los objetivos Cooke durante m\u00e1s de 100 a\u00f1os.","og_url":"https:\/\/cookeoptics.com\/es\/objetivos\/","og_site_name":"Cooke Optics","article_publisher":"https:\/\/www.facebook.com\/cookeoptics\/","article_modified_time":"2025-10-01T16:04:27+00:00","og_image":[{"width":1440,"height":704,"url":"https:\/\/cookeoptics.com\/wp-content\/uploads\/2022\/10\/11-COOKE-MACRO-DETAIL-1.jpg","type":"image\/jpeg"}],"twitter_card":"summary_large_image","twitter_site":"@cookeoptics","twitter_misc":{"Tiempo de lectura":"2 minutos"},"schema":{"@context":"https:\/\/schema.org","@graph":[{"@type":"WebPage","@id":"https:\/\/cookeoptics.com\/es\/objetivos\/","url":"https:\/\/cookeoptics.com\/es\/objetivos\/","name":"objectivos Cooke","isPartOf":{"@id":"https:\/\/cookeoptics.com\/es\/#website"},"primaryImageOfPage":{"@id":"https:\/\/cookeoptics.com\/es\/objetivos\/#primaryimage"},"image":{"@id":"https:\/\/cookeoptics.com\/es\/objetivos\/#primaryimage"},"thumbnailUrl":"https:\/\/cookeoptics.com\/wp-content\/uploads\/2022\/10\/11-COOKE-MACRO-DETAIL-1.jpg","datePublished":"2021-04-29T10:26:41+00:00","dateModified":"2025-10-01T16:04:27+00:00","description":"Obtenga m\u00e1s informaci\u00f3n sobre nuestra gama de objetivos, el exclusivo Cooke Look y descubra por qu\u00e9 los cineastas han elegido los objetivos Cooke durante m\u00e1s de 100 a\u00f1os.","breadcrumb":{"@id":"https:\/\/cookeoptics.com\/es\/objetivos\/#breadcrumb"},"inLanguage":"es","potentialAction":[{"@type":"ReadAction","target":["https:\/\/cookeoptics.com\/es\/objetivos\/"]}]},{"@type":"ImageObject","inLanguage":"es","@id":"https:\/\/cookeoptics.com\/es\/objetivos\/#primaryimage","url":"https:\/\/cookeoptics.com\/wp-content\/uploads\/2022\/10\/11-COOKE-MACRO-DETAIL-1.jpg","contentUrl":"https:\/\/cookeoptics.com\/wp-content\/uploads\/2022\/10\/11-COOKE-MACRO-DETAIL-1.jpg","width":1440,"height":704,"caption":"COOKE MACRO 1:1"},{"@type":"BreadcrumbList","@id":"https:\/\/cookeoptics.com\/es\/objetivos\/#breadcrumb","itemListElement":[{"@type":"ListItem","position":1,"name":"Home","item":"https:\/\/cookeoptics.com\/es\/"},{"@type":"ListItem","position":2,"name":"Objetivos"}]},{"@type":"WebSite","@id":"https:\/\/cookeoptics.com\/es\/#website","url":"https:\/\/cookeoptics.com\/es\/","name":"Cooke Optics","description":"Creating beautiful images for the motion picture industry since 1894","publisher":{"@id":"https:\/\/cookeoptics.com\/es\/#organization"},"potentialAction":[{"@type":"SearchAction","target":{"@type":"EntryPoint","urlTemplate":"https:\/\/cookeoptics.com\/es\/?s={search_term_string}"},"query-input":{"@type":"PropertyValueSpecification","valueRequired":true,"valueName":"search_term_string"}}],"inLanguage":"es"},{"@type":"Organization","@id":"https:\/\/cookeoptics.com\/es\/#organization","name":"Cooke Optics","url":"https:\/\/cookeoptics.com\/es\/","logo":{"@type":"ImageObject","inLanguage":"es","@id":"https:\/\/cookeoptics.com\/es\/#\/schema\/logo\/image\/","url":"https:\/\/cookeoptics.com\/wp-content\/uploads\/2021\/05\/placeholder-logo-type.png","contentUrl":"https:\/\/cookeoptics.com\/wp-content\/uploads\/2021\/05\/placeholder-logo-type.png","width":755,"height":755,"caption":"Cooke Optics"},"image":{"@id":"https:\/\/cookeoptics.com\/es\/#\/schema\/logo\/image\/"},"sameAs":["https:\/\/www.facebook.com\/cookeoptics\/","https:\/\/x.com\/cookeoptics","https:\/\/www.instagram.com\/cookeoptics\/","https:\/\/www.linkedin.com\/company\/2831810","https:\/\/www.youtube.com\/channel\/UC-Ya9gBlwOhRwtloTn1hvbA"]}]}},"_links":{"self":[{"href":"https:\/\/cookeoptics.com\/es\/wp-json\/wp\/v2\/pages\/18298","targetHints":{"allow":["GET"]}}],"collection":[{"href":"https:\/\/cookeoptics.com\/es\/wp-json\/wp\/v2\/pages"}],"about":[{"href":"https:\/\/cookeoptics.com\/es\/wp-json\/wp\/v2\/types\/page"}],"author":[{"embeddable":true,"href":"https:\/\/cookeoptics.com\/es\/wp-json\/wp\/v2\/users\/15"}],"replies":[{"embeddable":true,"href":"https:\/\/cookeoptics.com\/es\/wp-json\/wp\/v2\/comments?post=18298"}],"version-history":[{"count":5,"href":"https:\/\/cookeoptics.com\/es\/wp-json\/wp\/v2\/pages\/18298\/revisions"}],"predecessor-version":[{"id":35351,"href":"https:\/\/cookeoptics.com\/es\/wp-json\/wp\/v2\/pages\/18298\/revisions\/35351"}],"wp:featuredmedia":[{"embeddable":true,"href":"https:\/\/cookeoptics.com\/es\/wp-json\/wp\/v2\/media\/13931"}],"wp:attachment":[{"href":"https:\/\/cookeoptics.com\/es\/wp-json\/wp\/v2\/media?parent=18298"}],"curies":[{"name":"wp","href":"https:\/\/api.w.org\/{rel}","templated":true}]}}