{"id":17638,"date":"2022-08-05T16:43:44","date_gmt":"2022-08-05T15:43:44","guid":{"rendered":"https:\/\/cookeoptics.com\/cooke-history\/"},"modified":"2023-08-23T12:47:42","modified_gmt":"2023-08-23T11:47:42","slug":"notre-histoire","status":"publish","type":"page","link":"https:\/\/cookeoptics.com\/fr\/notre-histoire\/","title":{"rendered":"History"},"content":{"rendered":"","protected":false},"excerpt":{"rendered":"","protected":false},"author":15,"featured_media":13503,"parent":0,"menu_order":0,"comment_status":"closed","ping_status":"closed","template":"page-templates\/template-timeline.php","meta":{"_acf_changed":false,"footnotes":""},"class_list":["post-17638","page","type-page","status-publish","has-post-thumbnail","hentry"],"acf":[],"yoast_head":"<!-- This site is optimized with the Yoast SEO Premium plugin v27.3 (Yoast SEO v27.3) - https:\/\/yoast.com\/product\/yoast-seo-premium-wordpress\/ -->\n<title>Notre Histoire<\/title>\n<meta name=\"description\" content=\"Cooke a une histoire riche, dont les origines remontent \u00e0 1893. En savoir plus sur notre h\u00e9ritage en mati\u00e8re de conception et de fabrication d\u2019objectifs innovants.\" \/>\n<meta name=\"robots\" content=\"index, nofollow, max-snippet:-1, max-image-preview:large, max-video-preview:-1\" \/>\n<link rel=\"canonical\" href=\"https:\/\/cookeoptics.com\/fr\/notre-histoire\/\" \/>\n<meta property=\"og:locale\" content=\"fr_FR\" \/>\n<meta property=\"og:type\" content=\"article\" \/>\n<meta property=\"og:title\" content=\"History\" \/>\n<meta property=\"og:description\" content=\"Cooke a une histoire riche, dont les origines remontent \u00e0 1893. En savoir plus sur notre h\u00e9ritage en mati\u00e8re de conception et de fabrication d\u2019objectifs innovants.\" \/>\n<meta property=\"og:url\" content=\"https:\/\/cookeoptics.com\/fr\/notre-histoire\/\" \/>\n<meta property=\"og:site_name\" content=\"Cooke Optics\" \/>\n<meta property=\"article:publisher\" content=\"https:\/\/www.facebook.com\/cookeoptics\/\" \/>\n<meta property=\"article:modified_time\" content=\"2023-08-23T11:47:42+00:00\" \/>\n<meta property=\"og:image\" content=\"https:\/\/cookeoptics.com\/wp-content\/uploads\/2022\/08\/Test-Chart-from-1897@2x.png\" \/>\n\t<meta property=\"og:image:width\" content=\"1174\" \/>\n\t<meta property=\"og:image:height\" content=\"942\" \/>\n\t<meta property=\"og:image:type\" content=\"image\/png\" \/>\n<meta name=\"twitter:card\" content=\"summary_large_image\" \/>\n<meta name=\"twitter:site\" content=\"@cookeoptics\" \/>\n<script type=\"application\/ld+json\" class=\"yoast-schema-graph\">{\"@context\":\"https:\\\/\\\/schema.org\",\"@graph\":[{\"@type\":\"WebPage\",\"@id\":\"https:\\\/\\\/cookeoptics.com\\\/fr\\\/notre-histoire\\\/\",\"url\":\"https:\\\/\\\/cookeoptics.com\\\/fr\\\/notre-histoire\\\/\",\"name\":\"Notre Histoire\",\"isPartOf\":{\"@id\":\"https:\\\/\\\/cookeoptics.com\\\/fr\\\/#website\"},\"primaryImageOfPage\":{\"@id\":\"https:\\\/\\\/cookeoptics.com\\\/fr\\\/notre-histoire\\\/#primaryimage\"},\"image\":{\"@id\":\"https:\\\/\\\/cookeoptics.com\\\/fr\\\/notre-histoire\\\/#primaryimage\"},\"thumbnailUrl\":\"https:\\\/\\\/cookeoptics.com\\\/wp-content\\\/uploads\\\/2022\\\/08\\\/Test-Chart-from-1897@2x.png\",\"datePublished\":\"2022-08-05T15:43:44+00:00\",\"dateModified\":\"2023-08-23T11:47:42+00:00\",\"description\":\"Cooke a une histoire riche, dont les origines remontent \u00e0 1893. En savoir plus sur notre h\u00e9ritage en mati\u00e8re de conception et de fabrication d\u2019objectifs innovants.\",\"breadcrumb\":{\"@id\":\"https:\\\/\\\/cookeoptics.com\\\/fr\\\/notre-histoire\\\/#breadcrumb\"},\"inLanguage\":\"fr-FR\",\"potentialAction\":[{\"@type\":\"ReadAction\",\"target\":[\"https:\\\/\\\/cookeoptics.com\\\/fr\\\/notre-histoire\\\/\"]}]},{\"@type\":\"ImageObject\",\"inLanguage\":\"fr-FR\",\"@id\":\"https:\\\/\\\/cookeoptics.com\\\/fr\\\/notre-histoire\\\/#primaryimage\",\"url\":\"https:\\\/\\\/cookeoptics.com\\\/wp-content\\\/uploads\\\/2022\\\/08\\\/Test-Chart-from-1897@2x.png\",\"contentUrl\":\"https:\\\/\\\/cookeoptics.com\\\/wp-content\\\/uploads\\\/2022\\\/08\\\/Test-Chart-from-1897@2x.png\",\"width\":1174,\"height\":942},{\"@type\":\"BreadcrumbList\",\"@id\":\"https:\\\/\\\/cookeoptics.com\\\/fr\\\/notre-histoire\\\/#breadcrumb\",\"itemListElement\":[{\"@type\":\"ListItem\",\"position\":1,\"name\":\"Home\",\"item\":\"https:\\\/\\\/cookeoptics.com\\\/fr\\\/\"},{\"@type\":\"ListItem\",\"position\":2,\"name\":\"History\"}]},{\"@type\":\"WebSite\",\"@id\":\"https:\\\/\\\/cookeoptics.com\\\/fr\\\/#website\",\"url\":\"https:\\\/\\\/cookeoptics.com\\\/fr\\\/\",\"name\":\"Cooke Optics\",\"description\":\"Creating beautiful images for the motion picture industry since 1894\",\"publisher\":{\"@id\":\"https:\\\/\\\/cookeoptics.com\\\/fr\\\/#organization\"},\"potentialAction\":[{\"@type\":\"SearchAction\",\"target\":{\"@type\":\"EntryPoint\",\"urlTemplate\":\"https:\\\/\\\/cookeoptics.com\\\/fr\\\/?s={search_term_string}\"},\"query-input\":{\"@type\":\"PropertyValueSpecification\",\"valueRequired\":true,\"valueName\":\"search_term_string\"}}],\"inLanguage\":\"fr-FR\"},{\"@type\":\"Organization\",\"@id\":\"https:\\\/\\\/cookeoptics.com\\\/fr\\\/#organization\",\"name\":\"Cooke Optics\",\"url\":\"https:\\\/\\\/cookeoptics.com\\\/fr\\\/\",\"logo\":{\"@type\":\"ImageObject\",\"inLanguage\":\"fr-FR\",\"@id\":\"https:\\\/\\\/cookeoptics.com\\\/fr\\\/#\\\/schema\\\/logo\\\/image\\\/\",\"url\":\"https:\\\/\\\/cookeoptics.com\\\/wp-content\\\/uploads\\\/2021\\\/05\\\/placeholder-logo-type.png\",\"contentUrl\":\"https:\\\/\\\/cookeoptics.com\\\/wp-content\\\/uploads\\\/2021\\\/05\\\/placeholder-logo-type.png\",\"width\":755,\"height\":755,\"caption\":\"Cooke Optics\"},\"image\":{\"@id\":\"https:\\\/\\\/cookeoptics.com\\\/fr\\\/#\\\/schema\\\/logo\\\/image\\\/\"},\"sameAs\":[\"https:\\\/\\\/www.facebook.com\\\/cookeoptics\\\/\",\"https:\\\/\\\/x.com\\\/cookeoptics\",\"https:\\\/\\\/www.instagram.com\\\/cookeoptics\\\/\",\"https:\\\/\\\/www.linkedin.com\\\/company\\\/2831810\",\"https:\\\/\\\/www.youtube.com\\\/channel\\\/UC-Ya9gBlwOhRwtloTn1hvbA\"]}]}<\/script>\n<!-- \/ Yoast SEO Premium plugin. -->","yoast_head_json":{"title":"Notre Histoire","description":"Cooke a une histoire riche, dont les origines remontent \u00e0 1893. En savoir plus sur notre h\u00e9ritage en mati\u00e8re de conception et de fabrication d\u2019objectifs innovants.","robots":{"index":"index","follow":"nofollow","max-snippet":"max-snippet:-1","max-image-preview":"max-image-preview:large","max-video-preview":"max-video-preview:-1"},"canonical":"https:\/\/cookeoptics.com\/fr\/notre-histoire\/","og_locale":"fr_FR","og_type":"article","og_title":"History","og_description":"Cooke a une histoire riche, dont les origines remontent \u00e0 1893. En savoir plus sur notre h\u00e9ritage en mati\u00e8re de conception et de fabrication d\u2019objectifs innovants.","og_url":"https:\/\/cookeoptics.com\/fr\/notre-histoire\/","og_site_name":"Cooke Optics","article_publisher":"https:\/\/www.facebook.com\/cookeoptics\/","article_modified_time":"2023-08-23T11:47:42+00:00","og_image":[{"width":1174,"height":942,"url":"https:\/\/cookeoptics.com\/wp-content\/uploads\/2022\/08\/Test-Chart-from-1897@2x.png","type":"image\/png"}],"twitter_card":"summary_large_image","twitter_site":"@cookeoptics","schema":{"@context":"https:\/\/schema.org","@graph":[{"@type":"WebPage","@id":"https:\/\/cookeoptics.com\/fr\/notre-histoire\/","url":"https:\/\/cookeoptics.com\/fr\/notre-histoire\/","name":"Notre Histoire","isPartOf":{"@id":"https:\/\/cookeoptics.com\/fr\/#website"},"primaryImageOfPage":{"@id":"https:\/\/cookeoptics.com\/fr\/notre-histoire\/#primaryimage"},"image":{"@id":"https:\/\/cookeoptics.com\/fr\/notre-histoire\/#primaryimage"},"thumbnailUrl":"https:\/\/cookeoptics.com\/wp-content\/uploads\/2022\/08\/Test-Chart-from-1897@2x.png","datePublished":"2022-08-05T15:43:44+00:00","dateModified":"2023-08-23T11:47:42+00:00","description":"Cooke a une histoire riche, dont les origines remontent \u00e0 1893. En savoir plus sur notre h\u00e9ritage en mati\u00e8re de conception et de fabrication d\u2019objectifs innovants.","breadcrumb":{"@id":"https:\/\/cookeoptics.com\/fr\/notre-histoire\/#breadcrumb"},"inLanguage":"fr-FR","potentialAction":[{"@type":"ReadAction","target":["https:\/\/cookeoptics.com\/fr\/notre-histoire\/"]}]},{"@type":"ImageObject","inLanguage":"fr-FR","@id":"https:\/\/cookeoptics.com\/fr\/notre-histoire\/#primaryimage","url":"https:\/\/cookeoptics.com\/wp-content\/uploads\/2022\/08\/Test-Chart-from-1897@2x.png","contentUrl":"https:\/\/cookeoptics.com\/wp-content\/uploads\/2022\/08\/Test-Chart-from-1897@2x.png","width":1174,"height":942},{"@type":"BreadcrumbList","@id":"https:\/\/cookeoptics.com\/fr\/notre-histoire\/#breadcrumb","itemListElement":[{"@type":"ListItem","position":1,"name":"Home","item":"https:\/\/cookeoptics.com\/fr\/"},{"@type":"ListItem","position":2,"name":"History"}]},{"@type":"WebSite","@id":"https:\/\/cookeoptics.com\/fr\/#website","url":"https:\/\/cookeoptics.com\/fr\/","name":"Cooke Optics","description":"Creating beautiful images for the motion picture industry since 1894","publisher":{"@id":"https:\/\/cookeoptics.com\/fr\/#organization"},"potentialAction":[{"@type":"SearchAction","target":{"@type":"EntryPoint","urlTemplate":"https:\/\/cookeoptics.com\/fr\/?s={search_term_string}"},"query-input":{"@type":"PropertyValueSpecification","valueRequired":true,"valueName":"search_term_string"}}],"inLanguage":"fr-FR"},{"@type":"Organization","@id":"https:\/\/cookeoptics.com\/fr\/#organization","name":"Cooke Optics","url":"https:\/\/cookeoptics.com\/fr\/","logo":{"@type":"ImageObject","inLanguage":"fr-FR","@id":"https:\/\/cookeoptics.com\/fr\/#\/schema\/logo\/image\/","url":"https:\/\/cookeoptics.com\/wp-content\/uploads\/2021\/05\/placeholder-logo-type.png","contentUrl":"https:\/\/cookeoptics.com\/wp-content\/uploads\/2021\/05\/placeholder-logo-type.png","width":755,"height":755,"caption":"Cooke Optics"},"image":{"@id":"https:\/\/cookeoptics.com\/fr\/#\/schema\/logo\/image\/"},"sameAs":["https:\/\/www.facebook.com\/cookeoptics\/","https:\/\/x.com\/cookeoptics","https:\/\/www.instagram.com\/cookeoptics\/","https:\/\/www.linkedin.com\/company\/2831810","https:\/\/www.youtube.com\/channel\/UC-Ya9gBlwOhRwtloTn1hvbA"]}]}},"_links":{"self":[{"href":"https:\/\/cookeoptics.com\/fr\/wp-json\/wp\/v2\/pages\/17638","targetHints":{"allow":["GET"]}}],"collection":[{"href":"https:\/\/cookeoptics.com\/fr\/wp-json\/wp\/v2\/pages"}],"about":[{"href":"https:\/\/cookeoptics.com\/fr\/wp-json\/wp\/v2\/types\/page"}],"author":[{"embeddable":true,"href":"https:\/\/cookeoptics.com\/fr\/wp-json\/wp\/v2\/users\/15"}],"replies":[{"embeddable":true,"href":"https:\/\/cookeoptics.com\/fr\/wp-json\/wp\/v2\/comments?post=17638"}],"version-history":[{"count":3,"href":"https:\/\/cookeoptics.com\/fr\/wp-json\/wp\/v2\/pages\/17638\/revisions"}],"predecessor-version":[{"id":17681,"href":"https:\/\/cookeoptics.com\/fr\/wp-json\/wp\/v2\/pages\/17638\/revisions\/17681"}],"wp:featuredmedia":[{"embeddable":true,"href":"https:\/\/cookeoptics.com\/fr\/wp-json\/wp\/v2\/media\/13503"}],"wp:attachment":[{"href":"https:\/\/cookeoptics.com\/fr\/wp-json\/wp\/v2\/media?parent=17638"}],"curies":[{"name":"wp","href":"https:\/\/api.w.org\/{rel}","templated":true}]}}