{"id":17651,"date":"2021-04-29T11:28:27","date_gmt":"2021-04-29T10:28:27","guid":{"rendered":"https:\/\/cookeoptics.com\/?page_id=17651"},"modified":"2023-08-23T13:34:27","modified_gmt":"2023-08-23T12:34:27","slug":"shot-on-cooke","status":"publish","type":"page","link":"https:\/\/cookeoptics.com\/fr\/shot-on-cooke\/","title":{"rendered":"Shot on Cooke"},"content":{"rendered":"","protected":false},"excerpt":{"rendered":"","protected":false},"author":15,"featured_media":0,"parent":0,"menu_order":0,"comment_status":"closed","ping_status":"closed","template":"page-templates\/template-videos-overview.php","meta":{"_acf_changed":false,"footnotes":""},"class_list":["post-17651","page","type-page","status-publish","hentry"],"acf":[],"yoast_head":"<!-- This site is optimized with the Yoast SEO Premium plugin v27.4 (Yoast SEO v27.4) - https:\/\/yoast.com\/product\/yoast-seo-premium-wordpress\/ -->\n<title>Shot on Cooke<\/title>\n<meta name=\"description\" content=\"Parcourez les interviews de cin\u00e9astes de renomm\u00e9e mondiale, notre vitrine de s\u00e9quences \u00ab\u00a0Shot On Cooke\u00a0\u00bb et tous nos catalogues Cooke.\" \/>\n<meta name=\"robots\" content=\"index, follow, max-snippet:-1, max-image-preview:large, max-video-preview:-1\" \/>\n<link rel=\"canonical\" href=\"https:\/\/cookeoptics.com\/fr\/shot-on-cooke\/\" \/>\n<meta property=\"og:locale\" content=\"fr_FR\" \/>\n<meta property=\"og:type\" content=\"article\" \/>\n<meta property=\"og:title\" content=\"Shot on Cooke\" \/>\n<meta property=\"og:description\" content=\"Parcourez les interviews de cin\u00e9astes de renomm\u00e9e mondiale, notre vitrine de s\u00e9quences \u00ab\u00a0Shot On Cooke\u00a0\u00bb et tous nos catalogues Cooke.\" \/>\n<meta property=\"og:url\" content=\"https:\/\/cookeoptics.com\/fr\/shot-on-cooke\/\" \/>\n<meta property=\"og:site_name\" content=\"Cooke Optics\" \/>\n<meta property=\"article:publisher\" content=\"https:\/\/www.facebook.com\/cookeoptics\/\" \/>\n<meta property=\"article:modified_time\" content=\"2023-08-23T12:34:27+00:00\" \/>\n<meta property=\"og:image\" content=\"https:\/\/cookeoptics.com\/wp-content\/uploads\/2022\/05\/social-card.jpg\" \/>\n\t<meta property=\"og:image:width\" content=\"1200\" \/>\n\t<meta property=\"og:image:height\" content=\"650\" \/>\n\t<meta property=\"og:image:type\" content=\"image\/jpeg\" \/>\n<meta name=\"twitter:card\" content=\"summary_large_image\" \/>\n<meta name=\"twitter:site\" content=\"@cookeoptics\" \/>\n<script type=\"application\/ld+json\" class=\"yoast-schema-graph\">{\"@context\":\"https:\\\/\\\/schema.org\",\"@graph\":[{\"@type\":\"WebPage\",\"@id\":\"https:\\\/\\\/cookeoptics.com\\\/fr\\\/shot-on-cooke\\\/\",\"url\":\"https:\\\/\\\/cookeoptics.com\\\/fr\\\/shot-on-cooke\\\/\",\"name\":\"Shot on Cooke\",\"isPartOf\":{\"@id\":\"https:\\\/\\\/cookeoptics.com\\\/fr\\\/#website\"},\"datePublished\":\"2021-04-29T10:28:27+00:00\",\"dateModified\":\"2023-08-23T12:34:27+00:00\",\"description\":\"Parcourez les interviews de cin\u00e9astes de renomm\u00e9e mondiale, notre vitrine de s\u00e9quences \u00ab\u00a0Shot On Cooke\u00a0\u00bb et tous nos catalogues Cooke.\",\"breadcrumb\":{\"@id\":\"https:\\\/\\\/cookeoptics.com\\\/fr\\\/shot-on-cooke\\\/#breadcrumb\"},\"inLanguage\":\"fr-FR\",\"potentialAction\":[{\"@type\":\"ReadAction\",\"target\":[\"https:\\\/\\\/cookeoptics.com\\\/fr\\\/shot-on-cooke\\\/\"]}]},{\"@type\":\"BreadcrumbList\",\"@id\":\"https:\\\/\\\/cookeoptics.com\\\/fr\\\/shot-on-cooke\\\/#breadcrumb\",\"itemListElement\":[{\"@type\":\"ListItem\",\"position\":1,\"name\":\"Home\",\"item\":\"https:\\\/\\\/cookeoptics.com\\\/fr\\\/\"},{\"@type\":\"ListItem\",\"position\":2,\"name\":\"Shot on Cooke\"}]},{\"@type\":\"WebSite\",\"@id\":\"https:\\\/\\\/cookeoptics.com\\\/fr\\\/#website\",\"url\":\"https:\\\/\\\/cookeoptics.com\\\/fr\\\/\",\"name\":\"Cooke Optics\",\"description\":\"Creating beautiful images for the motion picture industry since 1894\",\"publisher\":{\"@id\":\"https:\\\/\\\/cookeoptics.com\\\/fr\\\/#organization\"},\"potentialAction\":[{\"@type\":\"SearchAction\",\"target\":{\"@type\":\"EntryPoint\",\"urlTemplate\":\"https:\\\/\\\/cookeoptics.com\\\/fr\\\/?s={search_term_string}\"},\"query-input\":{\"@type\":\"PropertyValueSpecification\",\"valueRequired\":true,\"valueName\":\"search_term_string\"}}],\"inLanguage\":\"fr-FR\"},{\"@type\":\"Organization\",\"@id\":\"https:\\\/\\\/cookeoptics.com\\\/fr\\\/#organization\",\"name\":\"Cooke Optics\",\"url\":\"https:\\\/\\\/cookeoptics.com\\\/fr\\\/\",\"logo\":{\"@type\":\"ImageObject\",\"inLanguage\":\"fr-FR\",\"@id\":\"https:\\\/\\\/cookeoptics.com\\\/fr\\\/#\\\/schema\\\/logo\\\/image\\\/\",\"url\":\"https:\\\/\\\/cookeoptics.com\\\/wp-content\\\/uploads\\\/2021\\\/05\\\/placeholder-logo-type.png\",\"contentUrl\":\"https:\\\/\\\/cookeoptics.com\\\/wp-content\\\/uploads\\\/2021\\\/05\\\/placeholder-logo-type.png\",\"width\":755,\"height\":755,\"caption\":\"Cooke Optics\"},\"image\":{\"@id\":\"https:\\\/\\\/cookeoptics.com\\\/fr\\\/#\\\/schema\\\/logo\\\/image\\\/\"},\"sameAs\":[\"https:\\\/\\\/www.facebook.com\\\/cookeoptics\\\/\",\"https:\\\/\\\/x.com\\\/cookeoptics\",\"https:\\\/\\\/www.instagram.com\\\/cookeoptics\\\/\",\"https:\\\/\\\/www.linkedin.com\\\/company\\\/2831810\",\"https:\\\/\\\/www.youtube.com\\\/channel\\\/UC-Ya9gBlwOhRwtloTn1hvbA\"]}]}<\/script>\n<!-- \/ Yoast SEO Premium plugin. -->","yoast_head_json":{"title":"Shot on Cooke","description":"Parcourez les interviews de cin\u00e9astes de renomm\u00e9e mondiale, notre vitrine de s\u00e9quences \u00ab\u00a0Shot On Cooke\u00a0\u00bb et tous nos catalogues Cooke.","robots":{"index":"index","follow":"follow","max-snippet":"max-snippet:-1","max-image-preview":"max-image-preview:large","max-video-preview":"max-video-preview:-1"},"canonical":"https:\/\/cookeoptics.com\/fr\/shot-on-cooke\/","og_locale":"fr_FR","og_type":"article","og_title":"Shot on Cooke","og_description":"Parcourez les interviews de cin\u00e9astes de renomm\u00e9e mondiale, notre vitrine de s\u00e9quences \u00ab\u00a0Shot On Cooke\u00a0\u00bb et tous nos catalogues Cooke.","og_url":"https:\/\/cookeoptics.com\/fr\/shot-on-cooke\/","og_site_name":"Cooke Optics","article_publisher":"https:\/\/www.facebook.com\/cookeoptics\/","article_modified_time":"2023-08-23T12:34:27+00:00","og_image":[{"width":1200,"height":650,"url":"https:\/\/cookeoptics.com\/wp-content\/uploads\/2022\/05\/social-card.jpg","type":"image\/jpeg"}],"twitter_card":"summary_large_image","twitter_site":"@cookeoptics","schema":{"@context":"https:\/\/schema.org","@graph":[{"@type":"WebPage","@id":"https:\/\/cookeoptics.com\/fr\/shot-on-cooke\/","url":"https:\/\/cookeoptics.com\/fr\/shot-on-cooke\/","name":"Shot on Cooke","isPartOf":{"@id":"https:\/\/cookeoptics.com\/fr\/#website"},"datePublished":"2021-04-29T10:28:27+00:00","dateModified":"2023-08-23T12:34:27+00:00","description":"Parcourez les interviews de cin\u00e9astes de renomm\u00e9e mondiale, notre vitrine de s\u00e9quences \u00ab\u00a0Shot On Cooke\u00a0\u00bb et tous nos catalogues Cooke.","breadcrumb":{"@id":"https:\/\/cookeoptics.com\/fr\/shot-on-cooke\/#breadcrumb"},"inLanguage":"fr-FR","potentialAction":[{"@type":"ReadAction","target":["https:\/\/cookeoptics.com\/fr\/shot-on-cooke\/"]}]},{"@type":"BreadcrumbList","@id":"https:\/\/cookeoptics.com\/fr\/shot-on-cooke\/#breadcrumb","itemListElement":[{"@type":"ListItem","position":1,"name":"Home","item":"https:\/\/cookeoptics.com\/fr\/"},{"@type":"ListItem","position":2,"name":"Shot on Cooke"}]},{"@type":"WebSite","@id":"https:\/\/cookeoptics.com\/fr\/#website","url":"https:\/\/cookeoptics.com\/fr\/","name":"Cooke Optics","description":"Creating beautiful images for the motion picture industry since 1894","publisher":{"@id":"https:\/\/cookeoptics.com\/fr\/#organization"},"potentialAction":[{"@type":"SearchAction","target":{"@type":"EntryPoint","urlTemplate":"https:\/\/cookeoptics.com\/fr\/?s={search_term_string}"},"query-input":{"@type":"PropertyValueSpecification","valueRequired":true,"valueName":"search_term_string"}}],"inLanguage":"fr-FR"},{"@type":"Organization","@id":"https:\/\/cookeoptics.com\/fr\/#organization","name":"Cooke Optics","url":"https:\/\/cookeoptics.com\/fr\/","logo":{"@type":"ImageObject","inLanguage":"fr-FR","@id":"https:\/\/cookeoptics.com\/fr\/#\/schema\/logo\/image\/","url":"https:\/\/cookeoptics.com\/wp-content\/uploads\/2021\/05\/placeholder-logo-type.png","contentUrl":"https:\/\/cookeoptics.com\/wp-content\/uploads\/2021\/05\/placeholder-logo-type.png","width":755,"height":755,"caption":"Cooke Optics"},"image":{"@id":"https:\/\/cookeoptics.com\/fr\/#\/schema\/logo\/image\/"},"sameAs":["https:\/\/www.facebook.com\/cookeoptics\/","https:\/\/x.com\/cookeoptics","https:\/\/www.instagram.com\/cookeoptics\/","https:\/\/www.linkedin.com\/company\/2831810","https:\/\/www.youtube.com\/channel\/UC-Ya9gBlwOhRwtloTn1hvbA"]}]}},"_links":{"self":[{"href":"https:\/\/cookeoptics.com\/fr\/wp-json\/wp\/v2\/pages\/17651","targetHints":{"allow":["GET"]}}],"collection":[{"href":"https:\/\/cookeoptics.com\/fr\/wp-json\/wp\/v2\/pages"}],"about":[{"href":"https:\/\/cookeoptics.com\/fr\/wp-json\/wp\/v2\/types\/page"}],"author":[{"embeddable":true,"href":"https:\/\/cookeoptics.com\/fr\/wp-json\/wp\/v2\/users\/15"}],"replies":[{"embeddable":true,"href":"https:\/\/cookeoptics.com\/fr\/wp-json\/wp\/v2\/comments?post=17651"}],"version-history":[{"count":2,"href":"https:\/\/cookeoptics.com\/fr\/wp-json\/wp\/v2\/pages\/17651\/revisions"}],"predecessor-version":[{"id":17653,"href":"https:\/\/cookeoptics.com\/fr\/wp-json\/wp\/v2\/pages\/17651\/revisions\/17653"}],"wp:attachment":[{"href":"https:\/\/cookeoptics.com\/fr\/wp-json\/wp\/v2\/media?parent=17651"}],"curies":[{"name":"wp","href":"https:\/\/api.w.org\/{rel}","templated":true}]}}